{"id":3009,"date":"2023-11-18T14:25:09","date_gmt":"2023-11-18T13:25:09","guid":{"rendered":"http:\/\/fipa-website.my.p4d.click\/testimonials\/"},"modified":"2024-02-07T10:42:51","modified_gmt":"2024-02-07T09:42:51","slug":"testimonials","status":"publish","type":"page","link":"https:\/\/investintunisia.tn\/en\/testimonials\/","title":{"rendered":"Testimonials"},"content":{"rendered":"<p align=\"justify\"><span class=\"TextRun SCXW263171088 BCX0\" lang=\"FR-FR\" data-contrast=\"none\"><span class=\"NormalTextRun SCXW263171088 BCX0\" data-ccp-parastyle=\"Corps\">Explore <\/span><\/span><span class=\"TextRun SCXW263171088 BCX0\" lang=\"EN-US\" data-contrast=\"none\"><span class=\"NormalTextRun SpellingErrorV2Themed SCXW263171088 BCX0\" data-ccp-parastyle=\"Corps\">routes<\/span><\/span><span class=\"TextRun SCXW263171088 BCX0\" lang=\"FR-FR\" data-contrast=\"none\"><span class=\"NormalTextRun SCXW263171088 BCX0\" data-ccp-parastyle=\"Corps\">and exciting <\/span><\/span><span class=\"TextRun SCXW263171088 BCX0\" lang=\"EN-US\" data-contrast=\"none\"><span class=\"NormalTextRun SpellingErrorV2Themed SCXW263171088 BCX0\" data-ccp-parastyle=\"Corps\">exp<\/span> <span class=\"NormalTextRun SpellingErrorV2Themed SCXW263171088 BCX0\" data-ccp-parastyle=\"Corps\">\u00e9<\/span> <span class=\"NormalTextRun SpellingErrorV2Themed SCXW263171088 BCX0\" data-ccp-parastyle=\"Corps\">riences<\/span><\/span> <span class=\"TextRun SCXW263171088 BCX0\" lang=\"FR-FR\" data-contrast=\"none\"><span class=\"NormalTextRun SCXW263171088 BCX0\" data-ccp-parastyle=\"Corps\"> with inspiring<\/span><\/span><span class=\"TextRun SCXW263171088 BCX0\" lang=\"EN-US\" data-contrast=\"none\"><span class=\"NormalTextRun SCXW263171088 BCX0\" data-ccp-parastyle=\"Corps\"> the<\/span><span class=\"NormalTextRun SCXW263171088 BCX0\" data-ccp-parastyle=\"Corps\"> Success Stories <\/span><span class=\"NormalTextRun SCXW263171088 BCX0\" data-ccp-parastyle=\"Corps\">from <\/span><span class=\"NormalTextRun SpellingErrorV2Themed SCXW263171088 BCX0\" data-ccp-parastyle=\"Corps\">companies<\/span> <span class=\"NormalTextRun SpellingErrorV2Themed SCXW263171088 BCX0\" data-ccp-parastyle=\"Corps\">companies<\/span> <span class=\"NormalTextRun SpellingErrorV2Themed SCXW263171088 BCX0\" data-ccp-parastyle=\"Corps\">install<\/span><span class=\"NormalTextRun SpellingErrorV2Themed SCXW263171088 BCX0\" data-ccp-parastyle=\"Corps\">\u00e9<\/span><span class=\"NormalTextRun SpellingErrorV2Themed SCXW263171088 BCX0\" data-ccp-parastyle=\"Corps\">es<\/span> <span class=\"NormalTextRun SpellingErrorV2Themed SCXW263171088 BCX0\" data-ccp-parastyle=\"Corps\">in<\/span> <span class=\"NormalTextRun SpellingErrorV2Themed SCXW263171088 BCX0\" data-ccp-parastyle=\"Corps\">Tunisia<\/span><\/span><span class=\"TextRun SCXW263171088 BCX0\" lang=\"FR-FR\" xml:lang=\"FR-FR\" data-contrast=\"none\"><span class=\"NormalTextRun SCXW263171088 BCX0\" data-ccp-parastyle=\"Corps\">. These stories transcend numbers,<\/span><\/span><span class=\"TextRun SCXW263171088 BCX0\" lang=\"EN-US\" xml:lang=\"EN-US\" data-contrast=\"none\"> <span class=\"NormalTextRun SCXW263171088 BCX0\" data-ccp-parastyle=\"Corps\"> the <\/span><span class=\"NormalTextRun SpellingErrorV2Themed SCXW263171088 BCX0\" data-ccp-parastyle=\"Corps\">ann<\/span><span class=\"NormalTextRun SpellingErrorV2Themed SCXW263171088 BCX0\" data-ccp-parastyle=\"Corps\">\u00e9<\/span><span class=\"NormalTextRun SpellingErrorV2Themed SCXW263171088 BCX0\" data-ccp-parastyle=\"Corps\">es<\/span> <span class=\"NormalTextRun SCXW263171088 BCX0\" data-ccp-parastyle=\"Corps\">for <\/span><span class=\"NormalTextRun SpellingErrorV2Themed SCXW263171088 BCX0\" data-ccp-parastyle=\"Corps\">illustrate<\/span><\/span> <span class=\"TextRun SCXW263171088 BCX0\" lang=\"FR-FR\" data-contrast=\"none\"><span class=\"NormalTextRun SCXW263171088 BCX0\" data-ccp-parastyle=\"Corps\"> human impact<\/span><\/span> <span class=\"TextRun SCXW263171088 BCX0\" lang=\"NL-NL\" data-contrast=\"none\"><span class=\"NormalTextRun SCXW263171088 BCX0\" data-ccp-parastyle=\"Corps\">and <\/span><\/span><span class=\"TextRun SCXW263171088 BCX0\" lang=\"FR-FR\" data-contrast=\"none\"><span class=\"NormalTextRun SCXW263171088 BCX0\" data-ccp-parastyle=\"Corps\">\u00e9<\/span> <span class=\"NormalTextRun SCXW263171088 BCX0\" data-ccp-parastyle=\"Corps\">conomic impact <\/span><\/span> <span class=\"TextRun SCXW263171088 BCX0\" lang=\"EN-US\" xml:lang=\"EN-US\" data-contrast=\"none\"><span class=\"NormalTextRun SCXW263171088 BCX0\" data-ccp-parastyle=\"Corps\">on the <\/span><span class=\"NormalTextRun SpellingErrorV2Themed SCXW263171088 BCX0\" data-ccp-parastyle=\"Corps\">exponential cycle<\/span><span class=\"NormalTextRun SCXW263171088 BCX0\" data-ccp-parastyle=\"Corps\"> cycle<\/span><span class=\"NormalTextRun SpellingErrorV2Themed SCXW263171088 BCX0\" data-ccp-parastyle=\"Corps\">company<\/span><span class=\"NormalTextRun SCXW263171088 BCX0\" data-ccp-parastyle=\"Corps\">.<\/span><\/span><\/p>\n","protected":false},"excerpt":{"rendered":"<p>Explore routesand exciting exp \u00e9 riences with inspiring the Success Stories from companies companies install\u00e9es in Tunisia. These stories transcend numbers, the ann\u00e9es for illustrate human impact and \u00e9 conomic impact on the exponential cycle cyclecompany.<\/p>\n","protected":false},"author":1,"featured_media":813,"parent":0,"menu_order":0,"comment_status":"closed","ping_status":"closed","template":"testimonial.php","meta":{"_acf_changed":false,"_monsterinsights_skip_tracking":false,"_monsterinsights_sitenote_active":false,"_monsterinsights_sitenote_note":"","_monsterinsights_sitenote_category":0,"footnotes":""},"class_list":["post-3009","page","type-page","status-publish","has-post-thumbnail","hentry"],"acf":[],"yoast_head":"<!-- This site is optimized with the Yoast SEO plugin v22.7 - https:\/\/yoast.com\/wordpress\/plugins\/seo\/ -->\n<title>Testimonials - FIPA<\/title>\n<meta name=\"robots\" content=\"index, follow, max-snippet:-1, max-image-preview:large, max-video-preview:-1\" \/>\n<link rel=\"canonical\" href=\"https:\/\/investintunisia.tn\/en\/testimonials\/\" \/>\n<meta property=\"og:locale\" content=\"en_US\" \/>\n<meta property=\"og:type\" content=\"article\" \/>\n<meta property=\"og:title\" content=\"Testimonials - FIPA\" \/>\n<meta property=\"og:description\" content=\"Explore routesand exciting exp \u00e9 riences with inspiring the Success Stories from companies companies install\u00e9es in Tunisia. These stories transcend numbers, the ann\u00e9es for illustrate human impact and \u00e9 conomic impact on the exponential cycle cyclecompany.\" \/>\n<meta property=\"og:url\" content=\"https:\/\/investintunisia.tn\/en\/testimonials\/\" \/>\n<meta property=\"og:site_name\" content=\"FIPA\" \/>\n<meta property=\"article:modified_time\" content=\"2024-02-07T09:42:51+00:00\" \/>\n<meta property=\"og:image\" content=\"https:\/\/investintunisia.tn\/wp-content\/uploads\/2023\/12\/Temoignages-investisseurs.webp\" \/>\n\t<meta property=\"og:image:width\" content=\"1500\" \/>\n\t<meta property=\"og:image:height\" content=\"1000\" \/>\n\t<meta property=\"og:image:type\" content=\"image\/webp\" \/>\n<meta name=\"twitter:card\" content=\"summary_large_image\" \/>\n<script type=\"application\/ld+json\" class=\"yoast-schema-graph\">{\"@context\":\"https:\/\/schema.org\",\"@graph\":[{\"@type\":\"WebPage\",\"@id\":\"https:\/\/investintunisia.tn\/en\/testimonials\/\",\"url\":\"https:\/\/investintunisia.tn\/en\/testimonials\/\",\"name\":\"Testimonials - FIPA\",\"isPartOf\":{\"@id\":\"https:\/\/investintunisia.tn\/en\/#website\"},\"primaryImageOfPage\":{\"@id\":\"https:\/\/investintunisia.tn\/en\/testimonials\/#primaryimage\"},\"image\":{\"@id\":\"https:\/\/investintunisia.tn\/en\/testimonials\/#primaryimage\"},\"thumbnailUrl\":\"https:\/\/investintunisia.tn\/wp-content\/uploads\/2023\/12\/Temoignages-investisseurs.webp\",\"datePublished\":\"2023-11-18T13:25:09+00:00\",\"dateModified\":\"2024-02-07T09:42:51+00:00\",\"breadcrumb\":{\"@id\":\"https:\/\/investintunisia.tn\/en\/testimonials\/#breadcrumb\"},\"inLanguage\":\"en-US\",\"potentialAction\":[{\"@type\":\"ReadAction\",\"target\":[\"https:\/\/investintunisia.tn\/en\/testimonials\/\"]}]},{\"@type\":\"ImageObject\",\"inLanguage\":\"en-US\",\"@id\":\"https:\/\/investintunisia.tn\/en\/testimonials\/#primaryimage\",\"url\":\"https:\/\/investintunisia.tn\/wp-content\/uploads\/2023\/12\/Temoignages-investisseurs.webp\",\"contentUrl\":\"https:\/\/investintunisia.tn\/wp-content\/uploads\/2023\/12\/Temoignages-investisseurs.webp\",\"width\":1500,\"height\":1000},{\"@type\":\"BreadcrumbList\",\"@id\":\"https:\/\/investintunisia.tn\/en\/testimonials\/#breadcrumb\",\"itemListElement\":[{\"@type\":\"ListItem\",\"position\":1,\"name\":\"Accueil\",\"item\":\"https:\/\/investintunisia.tn\/en\/\"},{\"@type\":\"ListItem\",\"position\":2,\"name\":\"Testimonials\"}]},{\"@type\":\"WebSite\",\"@id\":\"https:\/\/investintunisia.tn\/en\/#website\",\"url\":\"https:\/\/investintunisia.tn\/en\/\",\"name\":\"FIPA\",\"description\":\"\",\"potentialAction\":[{\"@type\":\"SearchAction\",\"target\":{\"@type\":\"EntryPoint\",\"urlTemplate\":\"https:\/\/investintunisia.tn\/en\/?s={search_term_string}\"},\"query-input\":\"required name=search_term_string\"}],\"inLanguage\":\"en-US\"}]}<\/script>\n<!-- \/ Yoast SEO plugin. -->","yoast_head_json":{"title":"Testimonials - FIPA","robots":{"index":"index","follow":"follow","max-snippet":"max-snippet:-1","max-image-preview":"max-image-preview:large","max-video-preview":"max-video-preview:-1"},"canonical":"https:\/\/investintunisia.tn\/en\/testimonials\/","og_locale":"en_US","og_type":"article","og_title":"Testimonials - FIPA","og_description":"Explore routesand exciting exp \u00e9 riences with inspiring the Success Stories from companies companies install\u00e9es in Tunisia. These stories transcend numbers, the ann\u00e9es for illustrate human impact and \u00e9 conomic impact on the exponential cycle cyclecompany.","og_url":"https:\/\/investintunisia.tn\/en\/testimonials\/","og_site_name":"FIPA","article_modified_time":"2024-02-07T09:42:51+00:00","og_image":[{"width":1500,"height":1000,"url":"https:\/\/investintunisia.tn\/wp-content\/uploads\/2023\/12\/Temoignages-investisseurs.webp","type":"image\/webp"}],"twitter_card":"summary_large_image","schema":{"@context":"https:\/\/schema.org","@graph":[{"@type":"WebPage","@id":"https:\/\/investintunisia.tn\/en\/testimonials\/","url":"https:\/\/investintunisia.tn\/en\/testimonials\/","name":"Testimonials - FIPA","isPartOf":{"@id":"https:\/\/investintunisia.tn\/en\/#website"},"primaryImageOfPage":{"@id":"https:\/\/investintunisia.tn\/en\/testimonials\/#primaryimage"},"image":{"@id":"https:\/\/investintunisia.tn\/en\/testimonials\/#primaryimage"},"thumbnailUrl":"https:\/\/investintunisia.tn\/wp-content\/uploads\/2023\/12\/Temoignages-investisseurs.webp","datePublished":"2023-11-18T13:25:09+00:00","dateModified":"2024-02-07T09:42:51+00:00","breadcrumb":{"@id":"https:\/\/investintunisia.tn\/en\/testimonials\/#breadcrumb"},"inLanguage":"en-US","potentialAction":[{"@type":"ReadAction","target":["https:\/\/investintunisia.tn\/en\/testimonials\/"]}]},{"@type":"ImageObject","inLanguage":"en-US","@id":"https:\/\/investintunisia.tn\/en\/testimonials\/#primaryimage","url":"https:\/\/investintunisia.tn\/wp-content\/uploads\/2023\/12\/Temoignages-investisseurs.webp","contentUrl":"https:\/\/investintunisia.tn\/wp-content\/uploads\/2023\/12\/Temoignages-investisseurs.webp","width":1500,"height":1000},{"@type":"BreadcrumbList","@id":"https:\/\/investintunisia.tn\/en\/testimonials\/#breadcrumb","itemListElement":[{"@type":"ListItem","position":1,"name":"Accueil","item":"https:\/\/investintunisia.tn\/en\/"},{"@type":"ListItem","position":2,"name":"Testimonials"}]},{"@type":"WebSite","@id":"https:\/\/investintunisia.tn\/en\/#website","url":"https:\/\/investintunisia.tn\/en\/","name":"FIPA","description":"","potentialAction":[{"@type":"SearchAction","target":{"@type":"EntryPoint","urlTemplate":"https:\/\/investintunisia.tn\/en\/?s={search_term_string}"},"query-input":"required name=search_term_string"}],"inLanguage":"en-US"}]}},"_links":{"self":[{"href":"https:\/\/investintunisia.tn\/en\/wp-json\/wp\/v2\/pages\/3009","targetHints":{"allow":["GET"]}}],"collection":[{"href":"https:\/\/investintunisia.tn\/en\/wp-json\/wp\/v2\/pages"}],"about":[{"href":"https:\/\/investintunisia.tn\/en\/wp-json\/wp\/v2\/types\/page"}],"author":[{"embeddable":true,"href":"https:\/\/investintunisia.tn\/en\/wp-json\/wp\/v2\/users\/1"}],"replies":[{"embeddable":true,"href":"https:\/\/investintunisia.tn\/en\/wp-json\/wp\/v2\/comments?post=3009"}],"version-history":[{"count":1,"href":"https:\/\/investintunisia.tn\/en\/wp-json\/wp\/v2\/pages\/3009\/revisions"}],"predecessor-version":[{"id":3010,"href":"https:\/\/investintunisia.tn\/en\/wp-json\/wp\/v2\/pages\/3009\/revisions\/3010"}],"wp:featuredmedia":[{"embeddable":true,"href":"https:\/\/investintunisia.tn\/en\/wp-json\/wp\/v2\/media\/813"}],"wp:attachment":[{"href":"https:\/\/investintunisia.tn\/en\/wp-json\/wp\/v2\/media?parent=3009"}],"curies":[{"name":"wp","href":"https:\/\/api.w.org\/{rel}","templated":true}]}}